{"id":6,"date":"2016-10-07T09:52:52","date_gmt":"2016-10-07T07:52:52","guid":{"rendered":"http:\/\/edv-asso.org\/?page_id=6"},"modified":"2017-10-24T19:17:27","modified_gmt":"2017-10-24T17:17:27","slug":"edv-asso-demenageur-demenagement-visa-chine-visa-inde-visa-vietnam-visa-russie-croisiere-safari-afrique-garde-meubles-viager","status":"publish","type":"page","link":"https:\/\/edv-asso.org\/","title":{"rendered":"EDV Asso"},"content":{"rendered":"<h2>Comment g\u00e9rer un \u00e9tudiant d\u00e9solaris\u00e9 ?\u00a0<img loading=\"lazy\" class=\"alignright size-medium wp-image-9\" src=\"https:\/\/edv-asso.org\/wp-content\/uploads\/2016\/10\/6-1.jpeg-300x154.jpg\" alt=\"6-1.jpeg\" width=\"300\" height=\"154\" srcset=\"https:\/\/edv-asso.org\/wp-content\/uploads\/2016\/10\/6-1.jpeg-300x154.jpg 300w, https:\/\/edv-asso.org\/wp-content\/uploads\/2016\/10\/6-1.jpeg.jpg 314w\" sizes=\"(max-width: 300px) 100vw, 300px\" \/><\/h2>\n<p>De nos jours, de plus en plus d&rsquo;adolescents sont d\u00e9scolaris\u00e9s. Que cela vienne d&rsquo;un d\u00e9crochage scolaire ou que cela vienne aussi d&rsquo;un choix parental, la d\u00e9scolarisation est en aucun cas une solution, quelque soit le probl\u00e8me. Mais alors comment g\u00e9rer un \u00e9tudiant d\u00e9scolaris\u00e9? Il faut tout d&rsquo;abord le r\u00e9assurer. Car la d\u00e9scolarisation signifie souvent un rejet social, il se met en marge de la soci\u00e9t\u00e9, de ses amis qui eux vont \u00e0 l&rsquo;\u00e9cole. Quand un \u00e9tudiant est d\u00e9scolaris\u00e9 et que cela vient d&rsquo;un souci d&rsquo;inscription, il faut vite trouver un \u00ab\u00a0plan b\u00a0\u00bb. Il ne peut pas attendre une ann\u00e9e de plus car une fois que l&rsquo;on est sorti du syst\u00e8me \u00e9ducatif, il faut beaucoup de volont\u00e9 et de courage pour y retourner. Pourquoi ne pas faire une formation en attendant? Pourquoi ne pas changer de cursus professionnel et chercher un autre m\u00e9tier? Une chose est s\u00fbre: il ne faut pas rester inactif et surtout ne pas se d\u00e9valoriser. En France, les universit\u00e9s sont satur\u00e9es et il faut parfois insister longtemps avant de voir leurs portes s&rsquo;ouvrir.<\/p>\n<h2>Informations g\u00e9n\u00e9rales sur le d\u00e9m\u00e9nagement<\/h2>\n<p>Un d\u00e9m\u00e9nagement <a href=\"http:\/\/demenageur.com\/demenagement\/\">demenageur.com\/demenagement\/<\/a>\u00a0peut \u00eatre tr\u00e8s fatiguant et tr\u00e8s stressant. Outre la multitude de cartons \u00e0 remplir, il y a surtout leur transport qui est un vrai casse t\u00eate. Alors, on fait appel \u00e0 un d\u00e9m\u00e9nageur <a href=\"http:\/\/demenageur.com\">demenageur.com<\/a>\u00a0. C&rsquo;est un professionnel qui va prendre en charge votre d\u00e9m\u00e9nagement. Tout d&rsquo;abord, il va proc\u00e9der \u00e0 un devis d\u00e9m\u00e9nagement <a href=\"http:\/\/demenageur.com\/devis-demenagement\/\">demenageur.com\/devis-demenagement\/<\/a>\u00a0. Il vient chez vous estimer le volume de vos cartons. Cela va lui permettre de choisir le camion de d\u00e9m\u00e9nagement qu&rsquo;il va utiliser. Il va voir aussi si vous avez un ascenseur, si vous avez une cage d&rsquo;escalier, si tous vos meubles vont pouvoir passer. Il va vous donner des conseils notamment sur les d\u00e9marches \u00e0 faire. Le jour de votre d\u00e9m\u00e9nagement, il faudra garer le camion au plus pr\u00e8s de chez vous. Il faudra donc faire une demande en mairie. Le d\u00e9m\u00e9nageur va vous donner des conseils pour bien remplir vos cartons et prot\u00e9ger vos affaires. Ses conseils sont pr\u00e9cieux. Puis, c&rsquo;est le grand jour. Vos affaires sont transport\u00e9es dans votre nouveau logement. Vous n&rsquo;avez plus qu&rsquo;\u00e0 les d\u00e9baller. Si vous n&rsquo;\u00eates pas press\u00e9s, vous pouvez les placer dans un garde meuble\u00a0en attendent de trouve un d\u00e9rangeur qui vous propose un devis moins cher. Si vous achetez en viager\u00a0le d\u00e9m\u00e9nagement sera fait plus tardivement.<\/p>\n<h2>Informations g\u00e9n\u00e9rales sur l&rsquo;assurance vie<\/h2>\n<p>Vous avez un projet sur le long terme \u00e0 financer? Alors, il faut mettre de l&rsquo;argent de cot\u00e9. Mais au lieu de le mettre sous votre matelas, l&rsquo;endroit le plus sur serait de le placer dans une assurance vie <a href=\"http:\/\/lassurancevie.fr\">lassurancevie.fr<\/a>\u00a0. c&rsquo;est ce que fait la plupart des fran\u00e7ais. Ils mettent de l&rsquo;argent de cot\u00e9 pour ce genre de projet ou tout simplement pour pr\u00e9parer leur retraite. Alors, vous devez vous renseigner aupr\u00e8s de votre banque, de votre mutuelle ou aupr\u00e8s d&rsquo;autres organismes qui proposent ce placement. Mais attention: regardez bien les clauses de votre contrat avant de signer. Regardez notamment comment et quand vous pouvez retirer votre argent.<\/p>\n<h2>Informations g\u00e9n\u00e9rales sur les visas pour l&rsquo;\u00e9tranger<\/h2>\n<p>Si vous voulez partir en Chine, en Russie, en Inde ou au Vietnam, vous devez obligatoirement demander un visa chine <a href=\"http:\/\/visachine.fr\">visachine.fr<\/a>\u00a0, visa russie\u00a0, visa inde\u00a0, visa vietnam\u00a0. Pour obtenir ce document, il faut faire des d\u00e9marches aupr\u00e8s de votre ambassade. Pensez \u00e0 vous renseigner avant de partir car vous pourriez avoir de mauvaises surprises. Vous devez anticiper cette demande car parfois les d\u00e9lais sont longs . Demandez \u00e9galement les proc\u00e9dures quand vous voyagez avec un enfant, la dur\u00e9e de validit\u00e9 de votre visa&#8230; N&rsquo;attendez pas le dernier moment.<\/p>\n<h2>Informations g\u00e9n\u00e9rales sur les croisi\u00e8res.<\/h2>\n<p>Une croisi\u00e8re\u00a0&#8230; Quel r\u00eave! Sur le bateau, vous avez droit \u00e0 tout l&rsquo;\u00e9quipement n\u00e9cessaire pour vous d\u00e9tendre, vous relaxer, vous amuser. Vous rencontrez de nouvelles personnes qui ont elles aussi besoin de se reposer. Piscine, jeux, danses&#8230; On ne s&rsquo;ennuie pas sur un tel bateau. Une fois \u00e0 terre, vous d\u00e9couvrez de nouvelles cultures, de nouveaux paysages. Un guide vous fait les visites. Vous allez donc \u00e0 l&rsquo;essentiel. Les croisi\u00e8res sont devenues moins ch\u00e8res ces derni\u00e8res ann\u00e9es. Et quand on a go\u00fbt\u00e9 au plaisir de faire une croisi\u00e8re, on n&rsquo;a qu&rsquo;une seule envie: recommencer.<\/p>\n<h2>Informations sur les safaris<\/h2>\n<p>safari afrique , safari afrique du sud , safari kenya\u00a0, safari tanzanie\u00a0: ces titres de voyage vous donnent envie d&rsquo;y aller? Ces derni\u00e8res ann\u00e9es, on peut aller faire un safari dans les r\u00e9serves africaines. C&rsquo;est un endroit incroyable. Au d\u00e9tour d&rsquo;une route, vous d\u00e9couvrez un troupeau d&rsquo;\u00e9l\u00e9phants par exemple. Votre guide est pr\u00e9sent pour vous expliquer mais surtout vous prot\u00e9ger. Vous \u00eates dans un univers sauvage. Vous \u00eates chez les animaux. Vous allez aussi rencontrer des gens qui auront une tout autre culture que la v\u00f4tre. La richesse de ces rencontres vous fera r\u00e9fl\u00e9chir, vous procurera des \u00e9motions indescriptibles. Vous vous \u00e9veillez au monde en faisant un safari.<\/p>\n","protected":false},"excerpt":{"rendered":"<p>Comment g\u00e9rer un \u00e9tudiant d\u00e9solaris\u00e9 ?\u00a0 De nos jours, de plus en plus d&rsquo;adolescents sont d\u00e9scolaris\u00e9s. Que cela vienne d&rsquo;un d\u00e9crochage scolaire ou que cela vienne aussi d&rsquo;un choix parental, la d\u00e9scolarisation est en aucun cas une solution, quelque soit le probl\u00e8me. Mais alors comment g\u00e9rer un \u00e9tudiant d\u00e9scolaris\u00e9? Il faut tout d&rsquo;abord le r\u00e9assurer. Car la d\u00e9scolarisation signifie souvent <a class=\"more-link\" href=\"https:\/\/edv-asso.org\/\" title=\"\"><\/a><\/p>\n","protected":false},"author":1,"featured_media":0,"parent":0,"menu_order":0,"comment_status":"closed","ping_status":"closed","template":"tpl-full-width.php","meta":[],"_links":{"self":[{"href":"https:\/\/edv-asso.org\/index.php\/wp-json\/wp\/v2\/pages\/6"}],"collection":[{"href":"https:\/\/edv-asso.org\/index.php\/wp-json\/wp\/v2\/pages"}],"about":[{"href":"https:\/\/edv-asso.org\/index.php\/wp-json\/wp\/v2\/types\/page"}],"author":[{"embeddable":true,"href":"https:\/\/edv-asso.org\/index.php\/wp-json\/wp\/v2\/users\/1"}],"replies":[{"embeddable":true,"href":"https:\/\/edv-asso.org\/index.php\/wp-json\/wp\/v2\/comments?post=6"}],"version-history":[{"count":4,"href":"https:\/\/edv-asso.org\/index.php\/wp-json\/wp\/v2\/pages\/6\/revisions"}],"predecessor-version":[{"id":12,"href":"https:\/\/edv-asso.org\/index.php\/wp-json\/wp\/v2\/pages\/6\/revisions\/12"}],"wp:attachment":[{"href":"https:\/\/edv-asso.org\/index.php\/wp-json\/wp\/v2\/media?parent=6"}],"curies":[{"name":"wp","href":"https:\/\/api.w.org\/{rel}","templated":true}]}}